{"id":1492,"date":"2025-03-24T11:07:22","date_gmt":"2025-03-24T10:07:22","guid":{"rendered":"http:\/\/produits.ssplus.fr\/?post_type=product&#038;p=1492"},"modified":"2025-05-07T12:27:10","modified_gmt":"2025-05-07T10:27:10","slug":"centrale-ajax","status":"publish","type":"product","link":"https:\/\/produits.ssplus.fr\/index.php\/produit\/centrale-ajax\/","title":{"rendered":"Centrale Ajax"},"content":{"rendered":"<h3 class=\"\" data-start=\"0\" data-end=\"70\"><strong data-start=\"4\" data-end=\"64\">Centrale Ajax : La Protection Ultime Contre Toute Menace<\/strong> \ud83d\udd12\u26a1<\/h3>\n<p class=\"\" data-start=\"72\" data-end=\"119\">\ud83d\udca1 <strong data-start=\"75\" data-end=\"117\">Une s\u00e9curit\u00e9 de pointe, sans compromis<\/strong><\/p>\n<p class=\"\" data-start=\"121\" data-end=\"350\">La <strong data-start=\"124\" data-end=\"141\">centrale Ajax<\/strong> est le c\u0153ur de votre syst\u00e8me de s\u00e9curit\u00e9. Con\u00e7ue pour une protection maximale, elle d\u00e9tecte instantan\u00e9ment toute menace et alerte les utilisateurs ainsi que le centre de t\u00e9l\u00e9surveillance en cas d\u2019intrusion.<\/p>\n<p class=\"\" data-start=\"352\" data-end=\"538\">\u2705 <strong data-start=\"354\" data-end=\"380\">Gestion 100% connect\u00e9e<\/strong><br data-start=\"380\" data-end=\"383\" \/>Pas besoin de clavier int\u00e9gr\u00e9 : tout se pilote depuis les applications mobiles et PC Ajax pour une configuration intuitive et une r\u00e9activit\u00e9 sans faille.<\/p>\n<p class=\"\" data-start=\"540\" data-end=\"758\">\ud83d\ude80 <strong data-start=\"543\" data-end=\"584\">Technologie hybride ultra-performante<\/strong><br data-start=\"584\" data-end=\"587\" \/>Gr\u00e2ce \u00e0 la combinaison de dispositifs <strong data-start=\"625\" data-end=\"649\">filaires et sans fil<\/strong>, la centrale Ajax s\u2019adapte \u00e0 tous types de sites, m\u00eame ceux pr\u00e9sentant des obstacles en acier ou en b\u00e9ton.<\/p>\n<p class=\"\" data-start=\"760\" data-end=\"951\">\ud83d\udce1 <strong data-start=\"763\" data-end=\"788\">Connexion infaillible<\/strong><br data-start=\"788\" data-end=\"791\" \/>Avec <strong data-start=\"796\" data-end=\"834\">jusqu\u2019\u00e0 4 r\u00e9seaux de communication<\/strong>, la centrale reste op\u00e9rationnelle en toutes circonstances, r\u00e9sistant aux interf\u00e9rences et aux coupures de courant.<\/p>\n<p class=\"\" data-start=\"953\" data-end=\"1151\">\ud83e\udd16 <strong data-start=\"956\" data-end=\"987\">Automatisation intelligente<\/strong><br data-start=\"987\" data-end=\"990\" \/>Cr\u00e9ez <strong data-start=\"996\" data-end=\"1020\">jusqu\u2019\u00e0 64 sc\u00e9narios<\/strong> pour optimiser votre s\u00e9curit\u00e9 et automatiser vos actions du quotidien, limitant ainsi les risques tout en simplifiant votre vie.<\/p>\n<p class=\"\" data-start=\"1153\" data-end=\"1256\">\ud83d\udd10 <strong data-start=\"1156\" data-end=\"1254\">Prot\u00e9gez ce qui compte avec Ajax \u2013 Une technologie de pointe au service de votre tranquillit\u00e9.<\/strong><\/p>\n<p class=\"\" data-start=\"1258\" data-end=\"1295\"><strong data-start=\"1258\" data-end=\"1295\" data-is-last-node=\"\">SSPLUS, la s\u00e9curit\u00e9, c&#8217;est PRIV\u00c9.<\/strong><\/p>\n","protected":false},"excerpt":{"rendered":"<p class=\"\" data-start=\"0\" data-end=\"57\"><strong data-start=\"0\" data-end=\"51\">Centrale Ajax : S\u00e9curit\u00e9 Totale, Z\u00e9ro Compromis<\/strong> \ud83d\udd12\u26a1<\/p>\n<p class=\"\" data-start=\"59\" data-end=\"321\">Prot\u00e9gez votre maison ou votre entreprise avec la centrale Ajax ! D\u00e9tection instantan\u00e9e, alertes en temps r\u00e9el, gestion \u00e0 distance ultra-simple et connexion infaillible. Avec sa technologie hybride et ses sc\u00e9narios automatis\u00e9s, restez en s\u00e9curit\u00e9 sans effort. \ud83d\ude80<\/p>\n<p class=\"\" data-start=\"266\" data-end=\"303\">\n","protected":false},"featured_media":1493,"comment_status":"open","ping_status":"closed","template":"","meta":[],"product_brand":[],"product_cat":[29],"product_tag":[],"class_list":{"0":"post-1492","1":"product","2":"type-product","3":"status-publish","4":"has-post-thumbnail","6":"product_cat-systeme-alarme","8":"first","9":"outofstock","10":"shipping-taxable","11":"purchasable","12":"product-type-simple"},"_links":{"self":[{"href":"https:\/\/produits.ssplus.fr\/index.php\/wp-json\/wp\/v2\/product\/1492","targetHints":{"allow":["GET"]}}],"collection":[{"href":"https:\/\/produits.ssplus.fr\/index.php\/wp-json\/wp\/v2\/product"}],"about":[{"href":"https:\/\/produits.ssplus.fr\/index.php\/wp-json\/wp\/v2\/types\/product"}],"replies":[{"embeddable":true,"href":"https:\/\/produits.ssplus.fr\/index.php\/wp-json\/wp\/v2\/comments?post=1492"}],"wp:featuredmedia":[{"embeddable":true,"href":"https:\/\/produits.ssplus.fr\/index.php\/wp-json\/wp\/v2\/media\/1493"}],"wp:attachment":[{"href":"https:\/\/produits.ssplus.fr\/index.php\/wp-json\/wp\/v2\/media?parent=1492"}],"wp:term":[{"taxonomy":"product_brand","embeddable":true,"href":"https:\/\/produits.ssplus.fr\/index.php\/wp-json\/wp\/v2\/product_brand?post=1492"},{"taxonomy":"product_cat","embeddable":true,"href":"https:\/\/produits.ssplus.fr\/index.php\/wp-json\/wp\/v2\/product_cat?post=1492"},{"taxonomy":"product_tag","embeddable":true,"href":"https:\/\/produits.ssplus.fr\/index.php\/wp-json\/wp\/v2\/product_tag?post=1492"}],"curies":[{"name":"wp","href":"https:\/\/api.w.org\/{rel}","templated":true}]}}