{"id":1552,"date":"2025-03-31T11:36:16","date_gmt":"2025-03-31T09:36:16","guid":{"rendered":"http:\/\/produits.ssplus.fr\/?post_type=product&#038;p=1552"},"modified":"2025-05-07T12:26:36","modified_gmt":"2025-05-07T10:26:36","slug":"domecam-mini","status":"publish","type":"product","link":"https:\/\/produits.ssplus.fr\/index.php\/produit\/domecam-mini\/","title":{"rendered":"DomeCam Mini"},"content":{"rendered":"<h2 class=\"\" data-start=\"244\" data-end=\"316\">\ud83d\udcf8 <strong data-start=\"250\" data-end=\"316\">Ajax DomeCam Mini \u2013 Discr\u00e9tion, puissance et pr\u00e9cision r\u00e9unies<\/strong><\/h2>\n<h3 class=\"\" data-start=\"318\" data-end=\"408\">Une cam\u00e9ra compacte, con\u00e7ue pour une surveillance professionnelle, en toute simplicit\u00e9<\/h3>\n<p class=\"\" data-start=\"410\" data-end=\"771\">La <strong data-start=\"413\" data-end=\"429\">DomeCam Mini<\/strong> d\u2019Ajax est une <strong data-start=\"445\" data-end=\"487\">cam\u00e9ra IP filaire de vid\u00e9osurveillance<\/strong> optimis\u00e9e par l\u2019<strong data-start=\"504\" data-end=\"533\">intelligence artificielle<\/strong>, con\u00e7ue pour offrir une <strong data-start=\"558\" data-end=\"598\">image nette, des d\u00e9tections pr\u00e9cises<\/strong> et un <strong data-start=\"605\" data-end=\"640\">contr\u00f4le total de la vie priv\u00e9e<\/strong>. Polyvalente, elle s\u2019adapte aussi bien aux environnements r\u00e9sidentiels qu\u2019aux locaux commerciaux, en int\u00e9rieur comme en ext\u00e9rieur.<\/p>\n<p class=\"\" data-start=\"773\" data-end=\"1023\">Dot\u00e9e d\u2019un <strong data-start=\"784\" data-end=\"810\">capteur CMOS 5 ou 8 MP<\/strong>, d\u2019un <strong data-start=\"817\" data-end=\"839\">microphone int\u00e9gr\u00e9<\/strong>, d\u2019un <strong data-start=\"846\" data-end=\"888\">\u00e9clairage infrarouge jusqu\u2019\u00e0 15 m\u00e8tres<\/strong> et d\u2019un <strong data-start=\"897\" data-end=\"924\">bo\u00eetier m\u00e9tallique IP65<\/strong>, elle garantit des performances stables, de jour comme de nuit, quelles que soient les conditions.<\/p>\n<hr class=\"\" data-start=\"1025\" data-end=\"1028\" \/>\n<h3 class=\"\" data-start=\"1030\" data-end=\"1080\">\ud83c\udfaf <strong data-start=\"1037\" data-end=\"1080\">Fonctionnalit\u00e9s cl\u00e9s de la DomeCam Mini<\/strong><\/h3>\n<ul data-start=\"1082\" data-end=\"1976\">\n<li class=\"\" data-start=\"1082\" data-end=\"1230\">\n<p class=\"\" data-start=\"1084\" data-end=\"1230\">\ud83e\udde0 <strong data-start=\"1087\" data-end=\"1117\">Reconnaissance IA int\u00e9gr\u00e9e<\/strong> : distingue les personnes, animaux et v\u00e9hicules pour une d\u00e9tection intelligente et une optimisation du stockage.<\/p>\n<\/li>\n<li class=\"\" data-start=\"1231\" data-end=\"1316\">\n<p class=\"\" data-start=\"1233\" data-end=\"1316\">\ud83c\udf19 <strong data-start=\"1236\" data-end=\"1268\">Vision nocturne IR puissante<\/strong> : jusqu\u2019\u00e0 15 m\u00e8tres avec \u00e9clairage intelligent.<\/p>\n<\/li>\n<li class=\"\" data-start=\"1317\" data-end=\"1443\">\n<p class=\"\" data-start=\"1319\" data-end=\"1443\">\ud83d\uddbc\ufe0f <strong data-start=\"1323\" data-end=\"1357\">Qualit\u00e9 d\u2019image exceptionnelle<\/strong> : capteurs 5 MP ou 8 MP (objectif 2.8 mm ou 4 mm), WDR r\u00e9el, compression H.264\/H.265.<\/p>\n<\/li>\n<li class=\"\" data-start=\"1444\" data-end=\"1509\">\n<p class=\"\" data-start=\"1446\" data-end=\"1509\">\ud83d\udd0a <strong data-start=\"1449\" data-end=\"1464\">Audio clair<\/strong> : microphone num\u00e9rique int\u00e9gr\u00e9 (codec G722).<\/p>\n<\/li>\n<li class=\"\" data-start=\"1510\" data-end=\"1617\">\n<p class=\"\" data-start=\"1512\" data-end=\"1617\">\ud83d\udd10 <strong data-start=\"1515\" data-end=\"1544\">Confidentialit\u00e9 ma\u00eetris\u00e9e<\/strong> : zones priv\u00e9es configurables pour masquer certaines parties de l\u2019image.<\/p>\n<\/li>\n<li class=\"\" data-start=\"1618\" data-end=\"1739\">\n<p class=\"\" data-start=\"1620\" data-end=\"1739\">\ud83c\udfa5 <strong data-start=\"1623\" data-end=\"1653\">Streaming rapide et fluide<\/strong> : technologie JetSparrow pour un acc\u00e8s instantan\u00e9 aux flux en direct et aux archives.<\/p>\n<\/li>\n<li class=\"\" data-start=\"1740\" data-end=\"1828\">\n<p class=\"\" data-start=\"1742\" data-end=\"1828\">\ud83d\udcbe <strong data-start=\"1745\" data-end=\"1766\">Stockage flexible<\/strong> : support microSD (jusqu\u2019\u00e0 256 Go) ou enregistrement sur NVR.<\/p>\n<\/li>\n<li class=\"\" data-start=\"1829\" data-end=\"1976\">\n<p class=\"\" data-start=\"1831\" data-end=\"1976\">\ud83e\udde9 <strong data-start=\"1834\" data-end=\"1879\">Parfaitement int\u00e9gr\u00e9e \u00e0 l\u2019\u00e9cosyst\u00e8me Ajax<\/strong> : synchronisation des alarmes, sc\u00e9narios automatis\u00e9s, mur vid\u00e9o personnalisable dans l\u2019app Ajax.<\/p>\n<\/li>\n<\/ul>\n<hr class=\"\" data-start=\"1978\" data-end=\"1981\" \/>\n<h3 class=\"\" data-start=\"1983\" data-end=\"2037\">\ud83d\udee1\ufe0f <strong data-start=\"1991\" data-end=\"2037\">S\u00e9curit\u00e9 et conformit\u00e9 au plus haut niveau<\/strong><\/h3>\n<ul data-start=\"2039\" data-end=\"2351\">\n<li class=\"\" data-start=\"2039\" data-end=\"2101\">\n<p class=\"\" data-start=\"2041\" data-end=\"2101\">Authentification <strong data-start=\"2058\" data-end=\"2079\">sans mot de passe<\/strong> avec chiffrement mTLS<\/p>\n<\/li>\n<li class=\"\" data-start=\"2102\" data-end=\"2188\">\n<p class=\"\" data-start=\"2104\" data-end=\"2188\"><strong data-start=\"2104\" data-end=\"2138\">S\u00e9curit\u00e9 des comptes renforc\u00e9e<\/strong> : 2FA, contr\u00f4le de session, connexion biom\u00e9trique<\/p>\n<\/li>\n<li class=\"\" data-start=\"2189\" data-end=\"2253\">\n<p class=\"\" data-start=\"2191\" data-end=\"2253\">Donn\u00e9es stock\u00e9es en toute s\u00e9curit\u00e9 dans l\u2019UE (conformit\u00e9 RGPD)<\/p>\n<\/li>\n<li class=\"\" data-start=\"2254\" data-end=\"2351\">\n<p class=\"\" data-start=\"2256\" data-end=\"2351\"><strong data-start=\"2256\" data-end=\"2282\">Mat\u00e9riel certifi\u00e9 NDAA<\/strong>, test\u00e9 en cybers\u00e9curit\u00e9 et approuv\u00e9 par des entit\u00e9s gouvernementales<\/p>\n<\/li>\n<\/ul>\n<hr class=\"\" data-start=\"2353\" data-end=\"2356\" \/>\n<h3 class=\"\" data-start=\"2358\" data-end=\"2405\">\ud83c\udfe0 <strong data-start=\"2365\" data-end=\"2405\">Pour qui est faite la DomeCam Mini ?<\/strong><\/h3>\n<p class=\"\" data-start=\"2407\" data-end=\"2796\">Que vous soyez <strong data-start=\"2422\" data-end=\"2452\">propri\u00e9taire d\u2019un commerce<\/strong>, <strong data-start=\"2454\" data-end=\"2484\">installateur professionnel<\/strong>, ou que vous souhaitiez <strong data-start=\"2509\" data-end=\"2536\">surveiller votre maison<\/strong>, la DomeCam Mini r\u00e9pond \u00e0 tous vos besoins en mati\u00e8re de <strong data-start=\"2594\" data-end=\"2653\">s\u00e9curit\u00e9, de performance et de respect de la vie priv\u00e9e<\/strong>. Sa compacit\u00e9, sa robustesse et son intelligence embarqu\u00e9e en font une r\u00e9f\u00e9rence de confiance dans le domaine de la vid\u00e9osurveillance moderne.<\/p>\n<hr class=\"\" data-start=\"2798\" data-end=\"2801\" \/>\n<p class=\"\" data-start=\"2803\" data-end=\"2907\">\ud83d\udd27 <strong data-start=\"2806\" data-end=\"2829\">Installation facile<\/strong>, configuration \u00e0 distance via l\u2019application Ajax, ajout s\u00e9curis\u00e9 par QR code.<\/p>\n<p class=\"\" data-start=\"2909\" data-end=\"2985\">\ud83d\udce6 Disponible en 5 ou 8 MP \u2013 Objectif 2.8 mm ou 4 mm \u2013 Deux coloris au choix<\/p>\n<hr class=\"\" data-start=\"2987\" data-end=\"2990\" \/>\n<p class=\"\" data-start=\"2992\" data-end=\"3029\"><strong data-start=\"2992\" data-end=\"3029\">SSPLUS, la s\u00e9curit\u00e9, c\u2019est PRIVE.<\/strong><\/p>\n","protected":false},"excerpt":{"rendered":"<p class=\"\" data-start=\"0\" data-end=\"63\"><strong data-start=\"0\" data-end=\"61\">DomeCam Mini \u2013 S\u00e9curit\u00e9 intelligente, vision ultra-claire<\/strong><\/p>\n<p class=\"\" data-start=\"65\" data-end=\"273\">Cam\u00e9ra IP filaire <strong data-start=\"83\" data-end=\"93\">5MP HD<\/strong>, <strong data-start=\"95\" data-end=\"110\">IA int\u00e9gr\u00e9e<\/strong>, <strong data-start=\"112\" data-end=\"135\">vision nocturne 15m<\/strong>, <strong data-start=\"137\" data-end=\"171\">d\u00e9tection de mouvement avanc\u00e9e<\/strong> et <strong data-start=\"175\" data-end=\"198\">contr\u00f4le \u00e0 distance<\/strong>. Bo\u00eetier <strong data-start=\"208\" data-end=\"227\">m\u00e9tallique IP65<\/strong>, stockage s\u00e9curis\u00e9, et <strong data-start=\"251\" data-end=\"270\">protection NDAA<\/strong>.<\/p>\n<p class=\"\" data-start=\"275\" data-end=\"315\">\ud83d\udd10 <strong data-start=\"278\" data-end=\"315\" data-is-last-node=\"\">Fiable, robuste et intelligente !<\/strong><\/p>\n","protected":false},"featured_media":1559,"comment_status":"open","ping_status":"closed","template":"","meta":[],"product_brand":[],"product_cat":[28],"product_tag":[],"class_list":{"0":"post-1552","1":"product","2":"type-product","3":"status-publish","4":"has-post-thumbnail","6":"product_cat-cameras-de-videosurveillance","8":"first","9":"outofstock","10":"shipping-taxable","11":"purchasable","12":"product-type-variable"},"_links":{"self":[{"href":"https:\/\/produits.ssplus.fr\/index.php\/wp-json\/wp\/v2\/product\/1552","targetHints":{"allow":["GET"]}}],"collection":[{"href":"https:\/\/produits.ssplus.fr\/index.php\/wp-json\/wp\/v2\/product"}],"about":[{"href":"https:\/\/produits.ssplus.fr\/index.php\/wp-json\/wp\/v2\/types\/product"}],"replies":[{"embeddable":true,"href":"https:\/\/produits.ssplus.fr\/index.php\/wp-json\/wp\/v2\/comments?post=1552"}],"wp:featuredmedia":[{"embeddable":true,"href":"https:\/\/produits.ssplus.fr\/index.php\/wp-json\/wp\/v2\/media\/1559"}],"wp:attachment":[{"href":"https:\/\/produits.ssplus.fr\/index.php\/wp-json\/wp\/v2\/media?parent=1552"}],"wp:term":[{"taxonomy":"product_brand","embeddable":true,"href":"https:\/\/produits.ssplus.fr\/index.php\/wp-json\/wp\/v2\/product_brand?post=1552"},{"taxonomy":"product_cat","embeddable":true,"href":"https:\/\/produits.ssplus.fr\/index.php\/wp-json\/wp\/v2\/product_cat?post=1552"},{"taxonomy":"product_tag","embeddable":true,"href":"https:\/\/produits.ssplus.fr\/index.php\/wp-json\/wp\/v2\/product_tag?post=1552"}],"curies":[{"name":"wp","href":"https:\/\/api.w.org\/{rel}","templated":true}]}}