{"id":1571,"date":"2025-03-31T14:14:01","date_gmt":"2025-03-31T12:14:01","guid":{"rendered":"http:\/\/produits.ssplus.fr\/?post_type=product&#038;p=1571"},"modified":"2025-05-07T12:26:34","modified_gmt":"2025-05-07T10:26:34","slug":"doorbell","status":"publish","type":"product","link":"https:\/\/produits.ssplus.fr\/index.php\/produit\/doorbell\/","title":{"rendered":"DoorBell"},"content":{"rendered":"<h2 class=\"\" data-start=\"169\" data-end=\"187\">Ajax DoorBell<\/h2>\n<p class=\"\" data-start=\"188\" data-end=\"260\"><strong data-start=\"188\" data-end=\"260\">Sonnette vid\u00e9o intelligente avec IA, capteur PIR et design r\u00e9sistant<\/strong><\/p>\n<p class=\"\" data-start=\"262\" data-end=\"794\"><strong data-start=\"262\" data-end=\"306\">Protection professionnelle \u00e0 votre porte<\/strong><br data-start=\"306\" data-end=\"309\" \/>La DoorBell d\u2019Ajax repousse les limites des sonnettes vid\u00e9o traditionnelles. Gr\u00e2ce \u00e0 sa cam\u00e9ra 2K HDR grand angle, son capteur de mouvement PIR, et ses capacit\u00e9s d\u2019analyse IA, elle ne se contente pas de notifier : elle prot\u00e8ge activement. La d\u00e9tection des mouvements est pr\u00e9cise, les interactions sont imm\u00e9diates, et les communications avec les visiteurs sont d\u2019une clart\u00e9 in\u00e9gal\u00e9e. Le tout dans un bo\u00eetier r\u00e9sistant aux intemp\u00e9ries, parfaitement int\u00e9gr\u00e9 \u00e0 un syst\u00e8me de s\u00e9curit\u00e9 Ajax.<\/p>\n<hr class=\"\" data-start=\"796\" data-end=\"799\" \/>\n<h3 class=\"\" data-start=\"801\" data-end=\"829\">\ud83d\udd0d Caract\u00e9ristiques cl\u00e9s<\/h3>\n<ul data-start=\"831\" data-end=\"1749\">\n<li class=\"\" data-start=\"831\" data-end=\"899\">\n<p class=\"\" data-start=\"833\" data-end=\"899\"><strong data-start=\"833\" data-end=\"852\">Cam\u00e9ra HDR 4 MP<\/strong> avec un angle de vue ultra-large de <strong data-start=\"889\" data-end=\"897\">155\u00b0<\/strong><\/p>\n<\/li>\n<li class=\"\" data-start=\"900\" data-end=\"961\">\n<p class=\"\" data-start=\"902\" data-end=\"961\"><strong data-start=\"902\" data-end=\"923\">Reconnaissance IA<\/strong> des personnes, animaux et v\u00e9hicules<\/p>\n<\/li>\n<li class=\"\" data-start=\"962\" data-end=\"1037\">\n<p class=\"\" data-start=\"964\" data-end=\"1037\"><strong data-start=\"964\" data-end=\"989\">D\u00e9tection PIR avanc\u00e9e<\/strong> pour une d\u00e9tection fiable, sans faux positifs<\/p>\n<\/li>\n<li class=\"\" data-start=\"1038\" data-end=\"1120\">\n<p class=\"\" data-start=\"1040\" data-end=\"1120\"><strong data-start=\"1040\" data-end=\"1070\">Audio bidirectionnel clair<\/strong>, avec suppression de bruit et annulation d\u2019\u00e9cho<\/p>\n<\/li>\n<li class=\"\" data-start=\"1121\" data-end=\"1205\">\n<p class=\"\" data-start=\"1123\" data-end=\"1205\"><strong data-start=\"1123\" data-end=\"1159\">\u00c9clairage infrarouge intelligent<\/strong> jusqu\u2019\u00e0 <strong data-start=\"1168\" data-end=\"1180\">6 m\u00e8tres<\/strong>, vision nocturne nette<\/p>\n<\/li>\n<li class=\"\" data-start=\"1206\" data-end=\"1275\">\n<p class=\"\" data-start=\"1208\" data-end=\"1275\"><strong data-start=\"1208\" data-end=\"1235\">Connexion Wi-Fi \u00e9tendue<\/strong> jusqu\u2019\u00e0 <strong data-start=\"1244\" data-end=\"1258\">500 m\u00e8tres<\/strong> en champ libre<\/p>\n<\/li>\n<li class=\"\" data-start=\"1276\" data-end=\"1354\">\n<p class=\"\" data-start=\"1278\" data-end=\"1354\"><strong data-start=\"1278\" data-end=\"1307\">Bouton m\u00e9canique avec LED<\/strong> et <strong data-start=\"1311\" data-end=\"1331\">carillon int\u00e9gr\u00e9<\/strong> via les sir\u00e8nes Ajax<\/p>\n<\/li>\n<li class=\"\" data-start=\"1355\" data-end=\"1431\">\n<p class=\"\" data-start=\"1357\" data-end=\"1431\"><strong data-start=\"1357\" data-end=\"1373\">Bo\u00eetier IP54<\/strong> r\u00e9sistant \u00e0 la poussi\u00e8re, \u00e0 l\u2019humidit\u00e9 et aux sabotages<\/p>\n<\/li>\n<li class=\"\" data-start=\"1432\" data-end=\"1517\">\n<p class=\"\" data-start=\"1434\" data-end=\"1517\"><strong data-start=\"1434\" data-end=\"1466\">Batterie de secours int\u00e9gr\u00e9e<\/strong> pour un fonctionnement autonome jusqu\u2019\u00e0 2 heures<\/p>\n<\/li>\n<li class=\"\" data-start=\"1518\" data-end=\"1603\">\n<p class=\"\" data-start=\"1520\" data-end=\"1603\"><strong data-start=\"1520\" data-end=\"1548\">Synchronisation parfaite<\/strong> avec les sc\u00e9narios et les \u00e9v\u00e9nements du syst\u00e8me Ajax<\/p>\n<\/li>\n<li class=\"\" data-start=\"1604\" data-end=\"1681\">\n<p class=\"\" data-start=\"1606\" data-end=\"1681\"><strong data-start=\"1606\" data-end=\"1635\">Mur vid\u00e9o personnalisable<\/strong>, notifications instantan\u00e9es, flux en direct<\/p>\n<\/li>\n<li class=\"\" data-start=\"1682\" data-end=\"1749\">\n<p class=\"\" data-start=\"1684\" data-end=\"1749\"><strong data-start=\"1684\" data-end=\"1707\">Installation facile<\/strong> via SmartBracket et appairage par QR code<\/p>\n<\/li>\n<\/ul>\n<hr class=\"\" data-start=\"1751\" data-end=\"1754\" \/>\n<h3 class=\"\" data-start=\"1756\" data-end=\"1788\">\u2699\ufe0f Sp\u00e9cifications techniques<\/h3>\n<ul data-start=\"1790\" data-end=\"2488\">\n<li class=\"\" data-start=\"1790\" data-end=\"1844\">\n<p class=\"\" data-start=\"1792\" data-end=\"1844\"><strong data-start=\"1792\" data-end=\"1802\">Cam\u00e9ra<\/strong> : Capteur CMOS 4 MP (2688\u00d71520 px), HDR<\/p>\n<\/li>\n<li class=\"\" data-start=\"1845\" data-end=\"1899\">\n<p class=\"\" data-start=\"1847\" data-end=\"1899\"><strong data-start=\"1847\" data-end=\"1864\">Angles de vue<\/strong> : 155\u00b0 horizontal \/ 90\u00b0 vertical<\/p>\n<\/li>\n<li class=\"\" data-start=\"1900\" data-end=\"1976\">\n<p class=\"\" data-start=\"1902\" data-end=\"1976\"><strong data-start=\"1902\" data-end=\"1928\">D\u00e9tection de mouvement<\/strong> : Capteur PIR avec filtre optique en silicium<\/p>\n<\/li>\n<li class=\"\" data-start=\"1977\" data-end=\"2055\">\n<p class=\"\" data-start=\"1979\" data-end=\"2055\"><strong data-start=\"1979\" data-end=\"1988\">Audio<\/strong> : Haut-parleur 85 dB, microphone, suppression de bruit et d\u2019\u00e9cho<\/p>\n<\/li>\n<li class=\"\" data-start=\"2056\" data-end=\"2122\">\n<p class=\"\" data-start=\"2058\" data-end=\"2122\"><strong data-start=\"2058\" data-end=\"2074\">Alimentation<\/strong> : 12\u201324 V DC ou 16\u201324 V AC + batterie interne<\/p>\n<\/li>\n<li class=\"\" data-start=\"2123\" data-end=\"2211\">\n<p class=\"\" data-start=\"2125\" data-end=\"2211\"><strong data-start=\"2125\" data-end=\"2141\">Connectivit\u00e9<\/strong> : Wi-Fi jusqu\u2019\u00e0 500 m \/ Backup via centrale Ajax (Jeweller + Wings)<\/p>\n<\/li>\n<li class=\"\" data-start=\"2212\" data-end=\"2252\">\n<p class=\"\" data-start=\"2214\" data-end=\"2252\"><strong data-start=\"2214\" data-end=\"2225\">Bo\u00eetier<\/strong> : M\u00e9tal, protection IP54<\/p>\n<\/li>\n<li class=\"\" data-start=\"2253\" data-end=\"2315\">\n<p class=\"\" data-start=\"2255\" data-end=\"2315\"><strong data-start=\"2255\" data-end=\"2267\">S\u00e9curit\u00e9<\/strong> : mTLS, chiffrement TLS, bouton anti-sabotage<\/p>\n<\/li>\n<li class=\"\" data-start=\"2316\" data-end=\"2381\">\n<p class=\"\" data-start=\"2318\" data-end=\"2381\"><strong data-start=\"2318\" data-end=\"2330\">Stockage<\/strong> : Ajax Cloud Storage ou Ajax NVR (jusqu\u2019\u00e0 16 To)<\/p>\n<\/li>\n<li class=\"\" data-start=\"2382\" data-end=\"2488\">\n<p class=\"\" data-start=\"2384\" data-end=\"2488\"><strong data-start=\"2384\" data-end=\"2401\">Compatibilit\u00e9<\/strong> : Int\u00e9gration totale avec les syst\u00e8mes Ajax PRO, vid\u00e9osurveillance, intrusion, confort<\/p>\n<\/li>\n<\/ul>\n<hr class=\"\" data-start=\"2490\" data-end=\"2493\" \/>\n<h3 class=\"\" data-start=\"2495\" data-end=\"2544\">\ud83d\udd10 S\u00e9curit\u00e9 et confidentialit\u00e9 sans compromis<\/h3>\n<ul data-start=\"2546\" data-end=\"2887\">\n<li class=\"\" data-start=\"2546\" data-end=\"2584\">\n<p class=\"\" data-start=\"2548\" data-end=\"2584\">Authentification sans mot de passe<\/p>\n<\/li>\n<li class=\"\" data-start=\"2585\" data-end=\"2611\">\n<p class=\"\" data-start=\"2587\" data-end=\"2611\">Acc\u00e8s chiffr\u00e9 via mTLS<\/p>\n<\/li>\n<li class=\"\" data-start=\"2612\" data-end=\"2653\">\n<p class=\"\" data-start=\"2614\" data-end=\"2653\">Signature num\u00e9rique des exports vid\u00e9o<\/p>\n<\/li>\n<li class=\"\" data-start=\"2654\" data-end=\"2690\">\n<p class=\"\" data-start=\"2656\" data-end=\"2690\">Acc\u00e8s limit\u00e9 aux enregistrements<\/p>\n<\/li>\n<li class=\"\" data-start=\"2691\" data-end=\"2753\">\n<p class=\"\" data-start=\"2693\" data-end=\"2753\">Contr\u00f4le de session, protection contre les attaques brutes<\/p>\n<\/li>\n<li class=\"\" data-start=\"2754\" data-end=\"2816\">\n<p class=\"\" data-start=\"2756\" data-end=\"2816\">Stockage des donn\u00e9es conforme RGPD dans l\u2019Union europ\u00e9enne<\/p>\n<\/li>\n<li class=\"\" data-start=\"2817\" data-end=\"2887\">\n<p class=\"\" data-start=\"2819\" data-end=\"2887\">Certifi\u00e9e <strong data-start=\"2829\" data-end=\"2847\">NDAA compliant<\/strong> et test\u00e9e en cybers\u00e9curit\u00e9 ind\u00e9pendante<\/p>\n<\/li>\n<\/ul>\n<hr class=\"\" data-start=\"2889\" data-end=\"2892\" \/>\n<h3 class=\"\" data-start=\"2894\" data-end=\"2931\">\ud83d\udee0\ufe0f Installation rapide et fiable<\/h3>\n<ul data-start=\"2933\" data-end=\"3162\">\n<li class=\"\" data-start=\"2933\" data-end=\"2971\">\n<p class=\"\" data-start=\"2935\" data-end=\"2971\">Fixation avec support SmartBracket<\/p>\n<\/li>\n<li class=\"\" data-start=\"2972\" data-end=\"3016\">\n<p class=\"\" data-start=\"2974\" data-end=\"3016\">R\u00e9glage d\u2019angle avec accessoires fournis<\/p>\n<\/li>\n<li class=\"\" data-start=\"3017\" data-end=\"3054\">\n<p class=\"\" data-start=\"3019\" data-end=\"3054\">Jumelage ultra-simple par QR code<\/p>\n<\/li>\n<li class=\"\" data-start=\"3055\" data-end=\"3095\">\n<p class=\"\" data-start=\"3057\" data-end=\"3095\">Configuration via l\u2019application Ajax<\/p>\n<\/li>\n<li class=\"\" data-start=\"3096\" data-end=\"3162\">\n<p class=\"\" data-start=\"3098\" data-end=\"3162\">Surveillance et mises \u00e0 jour \u00e0 distance, sans entretien r\u00e9gulier<\/p>\n<\/li>\n<\/ul>\n<hr class=\"\" data-start=\"3164\" data-end=\"3167\" \/>\n<h3 class=\"\" data-start=\"3169\" data-end=\"3198\">\ud83c\udfaf Pour tout type de site<\/h3>\n<ul data-start=\"3200\" data-end=\"3293\">\n<li class=\"\" data-start=\"3200\" data-end=\"3225\">\n<p class=\"\" data-start=\"3202\" data-end=\"3225\">Maisons individuelles<\/p>\n<\/li>\n<li class=\"\" data-start=\"3226\" data-end=\"3242\">\n<p class=\"\" data-start=\"3228\" data-end=\"3242\">Appartements<\/p>\n<\/li>\n<li class=\"\" data-start=\"3243\" data-end=\"3254\">\n<p class=\"\" data-start=\"3245\" data-end=\"3254\">Bureaux<\/p>\n<\/li>\n<li class=\"\" data-start=\"3255\" data-end=\"3268\">\n<p class=\"\" data-start=\"3257\" data-end=\"3268\">Commerces<\/p>\n<\/li>\n<li class=\"\" data-start=\"3269\" data-end=\"3293\">\n<p class=\"\" data-start=\"3271\" data-end=\"3293\">R\u00e9sidences collectives<\/p>\n<\/li>\n<\/ul>\n<hr class=\"\" data-start=\"3295\" data-end=\"3298\" \/>\n<p class=\"\" data-start=\"3300\" data-end=\"3446\"><strong data-start=\"3300\" data-end=\"3378\">Ajax DoorBell \u2014 Plus qu\u2019une sonnette, un v\u00e9ritable gardien \u00e0 votre entr\u00e9e.<\/strong><br data-start=\"3378\" data-end=\"3381\" \/>Fiable, intelligent, et parfaitement int\u00e9gr\u00e9 \u00e0 l\u2019\u00e9cosyst\u00e8me Ajax.<\/p>\n","protected":false},"excerpt":{"rendered":"<h3 class=\"\" data-start=\"122\" data-end=\"141\">Ajax DoorBell<\/h3>\n<p class=\"\" data-start=\"142\" data-end=\"412\"><strong data-start=\"142\" data-end=\"209\">La sonnette vid\u00e9o qui voit tout, entend tout, et s\u00e9curise tout.<\/strong><br data-start=\"209\" data-end=\"212\" \/>Cam\u00e9ra 4MP HDR ultra grand angle, d\u00e9tection IA, audio bidirectionnel, vision nocturne, Wi-Fi longue port\u00e9e et batterie de secours.<br data-start=\"342\" data-end=\"345\" \/><strong data-start=\"345\" data-end=\"412\">Parlez \u00e0 vos visiteurs. Prot\u00e9gez votre entr\u00e9e. M\u00eame sans Wi-Fi.<\/strong><\/p>\n","protected":false},"featured_media":1572,"comment_status":"open","ping_status":"closed","template":"","meta":[],"product_brand":[],"product_cat":[28],"product_tag":[],"class_list":{"0":"post-1571","1":"product","2":"type-product","3":"status-publish","4":"has-post-thumbnail","6":"product_cat-cameras-de-videosurveillance","8":"first","9":"outofstock","10":"shipping-taxable","11":"purchasable","12":"product-type-simple"},"_links":{"self":[{"href":"https:\/\/produits.ssplus.fr\/index.php\/wp-json\/wp\/v2\/product\/1571","targetHints":{"allow":["GET"]}}],"collection":[{"href":"https:\/\/produits.ssplus.fr\/index.php\/wp-json\/wp\/v2\/product"}],"about":[{"href":"https:\/\/produits.ssplus.fr\/index.php\/wp-json\/wp\/v2\/types\/product"}],"replies":[{"embeddable":true,"href":"https:\/\/produits.ssplus.fr\/index.php\/wp-json\/wp\/v2\/comments?post=1571"}],"wp:featuredmedia":[{"embeddable":true,"href":"https:\/\/produits.ssplus.fr\/index.php\/wp-json\/wp\/v2\/media\/1572"}],"wp:attachment":[{"href":"https:\/\/produits.ssplus.fr\/index.php\/wp-json\/wp\/v2\/media?parent=1571"}],"wp:term":[{"taxonomy":"product_brand","embeddable":true,"href":"https:\/\/produits.ssplus.fr\/index.php\/wp-json\/wp\/v2\/product_brand?post=1571"},{"taxonomy":"product_cat","embeddable":true,"href":"https:\/\/produits.ssplus.fr\/index.php\/wp-json\/wp\/v2\/product_cat?post=1571"},{"taxonomy":"product_tag","embeddable":true,"href":"https:\/\/produits.ssplus.fr\/index.php\/wp-json\/wp\/v2\/product_tag?post=1571"}],"curies":[{"name":"wp","href":"https:\/\/api.w.org\/{rel}","templated":true}]}}