{"id":1595,"date":"2025-03-31T16:27:50","date_gmt":"2025-03-31T14:27:50","guid":{"rendered":"http:\/\/produits.ssplus.fr\/?post_type=product&#038;p=1595"},"modified":"2025-05-07T12:26:33","modified_gmt":"2025-05-07T10:26:33","slug":"hub-2-jeweller","status":"publish","type":"product","link":"https:\/\/produits.ssplus.fr\/index.php\/produit\/hub-2-jeweller\/","title":{"rendered":"Hub 2 Jeweller"},"content":{"rendered":"<h3 class=\"\" data-start=\"124\" data-end=\"147\">\ud83d\udd10 Hub 2 Jeweller<\/h3>\n<p class=\"\" data-start=\"148\" data-end=\"226\"><strong data-start=\"148\" data-end=\"226\">Centrale de s\u00e9curit\u00e9 intelligente avec support de la lev\u00e9e de doute photo.<\/strong><\/p>\n<p class=\"\" data-start=\"228\" data-end=\"597\">Le <strong data-start=\"231\" data-end=\"249\">Hub 2 Jeweller<\/strong> est le c\u0153ur du syst\u00e8me Ajax. Il centralise et coordonne tous les dispositifs de s\u00e9curit\u00e9, transmet les alarmes en moins de 0,15 seconde, et assure une communication fiable et chiffr\u00e9e sur une port\u00e9e allant jusqu\u2019\u00e0 <strong data-start=\"464\" data-end=\"480\">2 000 m\u00e8tres<\/strong> en champ libre. Gr\u00e2ce \u00e0 la technologie <strong data-start=\"520\" data-end=\"532\">Jeweller<\/strong>, le Hub 2 g\u00e8re efficacement jusqu\u2019\u00e0 <strong data-start=\"569\" data-end=\"586\">100 appareils<\/strong> connect\u00e9s.<\/p>\n<p class=\"\" data-start=\"599\" data-end=\"914\">Mais surtout, il prend en charge les <strong data-start=\"636\" data-end=\"660\">d\u00e9tecteurs MotionCam<\/strong>, permettant la <strong data-start=\"676\" data-end=\"705\">lev\u00e9e de doute par photos<\/strong> directement dans les applications Ajax. En cas d\u2019intrusion, les utilisateurs re\u00e7oivent en quelques secondes une s\u00e9rie d\u2019images montrant ce qui a d\u00e9clench\u00e9 l\u2019alarme, pour une r\u00e9action rapide et sans ambigu\u00eft\u00e9.<\/p>\n<h3 class=\"\" data-start=\"916\" data-end=\"943\">Caract\u00e9ristiques cl\u00e9s :<\/h3>\n<ul data-start=\"944\" data-end=\"1526\">\n<li class=\"\" data-start=\"944\" data-end=\"1014\">\n<p class=\"\" data-start=\"946\" data-end=\"1014\">\ud83d\udd04 <strong data-start=\"949\" data-end=\"987\">Prise en charge de 100 dispositifs<\/strong> Ajax (y compris MotionCam)<\/p>\n<\/li>\n<li class=\"\" data-start=\"1015\" data-end=\"1085\">\n<p class=\"\" data-start=\"1017\" data-end=\"1085\">\ud83d\uddbc\ufe0f <strong data-start=\"1021\" data-end=\"1048\">Lev\u00e9e de doute visuelle<\/strong> gr\u00e2ce aux d\u00e9tecteurs photo MotionCam<\/p>\n<\/li>\n<li class=\"\" data-start=\"1086\" data-end=\"1152\">\n<p class=\"\" data-start=\"1088\" data-end=\"1152\">\ud83d\udcf6 <strong data-start=\"1091\" data-end=\"1118\">2 cartes SIM + Ethernet<\/strong> pour une communication redondante<\/p>\n<\/li>\n<li class=\"\" data-start=\"1153\" data-end=\"1229\">\n<p class=\"\" data-start=\"1155\" data-end=\"1229\">\ud83d\udd10 <strong data-start=\"1158\" data-end=\"1184\">Communication chiffr\u00e9e<\/strong>, protection contre le brouillage et sabotage<\/p>\n<\/li>\n<li class=\"\" data-start=\"1230\" data-end=\"1300\">\n<p class=\"\" data-start=\"1232\" data-end=\"1300\">\ud83d\udee0\ufe0f <strong data-start=\"1236\" data-end=\"1262\">Mise \u00e0 jour \u00e0 distance<\/strong> et configuration via l\u2019appli Ajax PRO<\/p>\n<\/li>\n<li class=\"\" data-start=\"1301\" data-end=\"1360\">\n<p class=\"\" data-start=\"1303\" data-end=\"1360\">\u26a1 <strong data-start=\"1305\" data-end=\"1360\">Autonomie jusqu\u2019\u00e0 16 heures sur batterie de secours<\/strong><\/p>\n<\/li>\n<li class=\"\" data-start=\"1361\" data-end=\"1430\">\n<p class=\"\" data-start=\"1363\" data-end=\"1430\">\ud83d\udcf1 <strong data-start=\"1366\" data-end=\"1430\">Notifications instantan\u00e9es et alertes critiques dans l\u2019appli<\/strong><\/p>\n<\/li>\n<li class=\"\" data-start=\"1431\" data-end=\"1526\">\n<p class=\"\" data-start=\"1433\" data-end=\"1526\">\ud83c\udf0d Compatible avec la t\u00e9l\u00e9surveillance via <strong data-start=\"1476\" data-end=\"1491\">PRO Desktop<\/strong> ou <strong data-start=\"1495\" data-end=\"1526\">protocoles Contact ID \/ SIA<\/strong><\/p>\n<\/li>\n<\/ul>\n<h3 class=\"\" data-start=\"1528\" data-end=\"1553\">Installation rapide :<\/h3>\n<p class=\"\" data-start=\"1554\" data-end=\"1732\">Le Hub 2 se connecte en quelques minutes via un <strong data-start=\"1602\" data-end=\"1613\">code QR<\/strong>, s\u2019installe avec le support <strong data-start=\"1642\" data-end=\"1658\">SmartBracket<\/strong>, et se configure \u00e0 distance. Aucune comp\u00e9tence technique avanc\u00e9e requise.<\/p>\n<h3 class=\"\" data-start=\"1734\" data-end=\"1750\">Id\u00e9al pour :<\/h3>\n<p class=\"\" data-start=\"1751\" data-end=\"1885\">Maisons, appartements, bureaux, commerces ou tout site n\u00e9cessitant une s\u00e9curit\u00e9 r\u00e9active et intelligente avec lev\u00e9e de doute visuelle.<\/p>\n","protected":false},"excerpt":{"rendered":"<p class=\"\" data-start=\"120\" data-end=\"487\">\ud83d\udd10 <strong data-start=\"123\" data-end=\"146\">Ajax Hub 2 Jeweller<\/strong><br data-start=\"146\" data-end=\"149\" \/>La centrale qui voit tout.<br data-start=\"175\" data-end=\"178\" \/>Connectez jusqu\u2019\u00e0 100 dispositifs Ajax, recevez les alertes instantan\u00e9ment et visualisez les intrusions en direct gr\u00e2ce \u00e0 la <strong data-start=\"303\" data-end=\"342\">lev\u00e9e de doute photo avec MotionCam<\/strong>. Double SIM, Ethernet, batterie de secours, port\u00e9e radio jusqu\u2019\u00e0 2 000 m : <strong data-start=\"418\" data-end=\"444\" data-is-only-node=\"\">aucune faille ne passe<\/strong>.<br data-start=\"445\" data-end=\"448\" \/>Installation rapide, s\u00e9curit\u00e9 maximale.<\/p>\n<p class=\"\" data-start=\"489\" data-end=\"555\"><strong data-start=\"489\" data-end=\"555\">Hub 2 Jeweller \u2014 le cerveau intelligent de votre syst\u00e8me Ajax.<\/strong><\/p>\n","protected":false},"featured_media":1599,"comment_status":"open","ping_status":"closed","template":"","meta":[],"product_brand":[],"product_cat":[29],"product_tag":[],"class_list":{"0":"post-1595","1":"product","2":"type-product","3":"status-publish","4":"has-post-thumbnail","6":"product_cat-systeme-alarme","8":"first","9":"outofstock","10":"shipping-taxable","11":"purchasable","12":"product-type-variable"},"_links":{"self":[{"href":"https:\/\/produits.ssplus.fr\/index.php\/wp-json\/wp\/v2\/product\/1595","targetHints":{"allow":["GET"]}}],"collection":[{"href":"https:\/\/produits.ssplus.fr\/index.php\/wp-json\/wp\/v2\/product"}],"about":[{"href":"https:\/\/produits.ssplus.fr\/index.php\/wp-json\/wp\/v2\/types\/product"}],"replies":[{"embeddable":true,"href":"https:\/\/produits.ssplus.fr\/index.php\/wp-json\/wp\/v2\/comments?post=1595"}],"wp:featuredmedia":[{"embeddable":true,"href":"https:\/\/produits.ssplus.fr\/index.php\/wp-json\/wp\/v2\/media\/1599"}],"wp:attachment":[{"href":"https:\/\/produits.ssplus.fr\/index.php\/wp-json\/wp\/v2\/media?parent=1595"}],"wp:term":[{"taxonomy":"product_brand","embeddable":true,"href":"https:\/\/produits.ssplus.fr\/index.php\/wp-json\/wp\/v2\/product_brand?post=1595"},{"taxonomy":"product_cat","embeddable":true,"href":"https:\/\/produits.ssplus.fr\/index.php\/wp-json\/wp\/v2\/product_cat?post=1595"},{"taxonomy":"product_tag","embeddable":true,"href":"https:\/\/produits.ssplus.fr\/index.php\/wp-json\/wp\/v2\/product_tag?post=1595"}],"curies":[{"name":"wp","href":"https:\/\/api.w.org\/{rel}","templated":true}]}}